{"id":15,"date":"2009-10-21T15:58:50","date_gmt":"2009-10-21T17:58:50","guid":{"rendered":"http:\/\/www.bauru.usp.br\/?page_id=15"},"modified":"2009-11-05T16:44:02","modified_gmt":"2009-11-05T18:44:02","slug":"servicos","status":"publish","type":"page","link":"https:\/\/www.bauru.usp.br\/?page_id=15","title":{"rendered":"Servi\u00e7os"},"content":{"rendered":"<p><strong>## Aten\u00e7\u00e3o ##<\/strong> Esta p\u00e1gina n\u00e3o \u00e9 utilizada, apenas o seu t\u00edtulo para organiza\u00e7\u00e3o do conte\u00fado.<\/p>\n","protected":false},"excerpt":{"rendered":"<p>## Aten\u00e7\u00e3o ## Esta p\u00e1gina n\u00e3o \u00e9 utilizada, apenas o seu t\u00edtulo para organiza\u00e7\u00e3o do conte\u00fado.<\/p>\n","protected":false},"author":1,"featured_media":0,"parent":0,"menu_order":0,"comment_status":"open","ping_status":"open","template":"","meta":{"_links_to":"","_links_to_target":""},"_links":{"self":[{"href":"https:\/\/www.bauru.usp.br\/index.php?rest_route=\/wp\/v2\/pages\/15"}],"collection":[{"href":"https:\/\/www.bauru.usp.br\/index.php?rest_route=\/wp\/v2\/pages"}],"about":[{"href":"https:\/\/www.bauru.usp.br\/index.php?rest_route=\/wp\/v2\/types\/page"}],"author":[{"embeddable":true,"href":"https:\/\/www.bauru.usp.br\/index.php?rest_route=\/wp\/v2\/users\/1"}],"replies":[{"embeddable":true,"href":"https:\/\/www.bauru.usp.br\/index.php?rest_route=%2Fwp%2Fv2%2Fcomments&post=15"}],"version-history":[{"count":3,"href":"https:\/\/www.bauru.usp.br\/index.php?rest_route=\/wp\/v2\/pages\/15\/revisions"}],"predecessor-version":[{"id":4010,"href":"https:\/\/www.bauru.usp.br\/index.php?rest_route=\/wp\/v2\/pages\/15\/revisions\/4010"}],"wp:attachment":[{"href":"https:\/\/www.bauru.usp.br\/index.php?rest_route=%2Fwp%2Fv2%2Fmedia&parent=15"}],"curies":[{"name":"wp","href":"https:\/\/api.w.org\/{rel}","templated":true}]}}