{"id":18601,"date":"2025-11-17T12:10:47","date_gmt":"2025-11-17T15:10:47","guid":{"rendered":"https:\/\/www.bauru.usp.br\/?page_id=18601"},"modified":"2025-11-24T09:40:10","modified_gmt":"2025-11-24T12:40:10","slug":"plano-diretor-do-campus","status":"publish","type":"page","link":"https:\/\/www.bauru.usp.br\/?page_id=18601","title":{"rendered":"Plano Diretor do Campus"},"content":{"rendered":"<p>&nbsp;<\/p>\n<p>Para conhecer o <strong>DOCUMENTO COMPLETO<\/strong>, acesse <a href=\"http:\/\/www.bauru.usp.br\/wp-content\/uploads\/PLANO-DIRETOR-CAMPUS-USP-BAURU-24nov2025.pdf.pdf\" target=\"_blank\" rel=\"noopener\">este link<\/a>.<\/p>\n<p>Para participar da <span style=\"font-weight: 400;\"><strong>AUDI\u00caNCIA P\u00daBLICA<\/strong> de forma online no dia 24\/11\/2025, <a href=\"https:\/\/youtu.be\/TdQk2pCR0M4\" target=\"_blank\" rel=\"noopener\">clique aqui<\/a>.<\/span><\/p>\n<p><span style=\"font-weight: 400;\">Para enviar <strong>SUGEST\u00d5ES<\/strong>, acesse e preencha o formul\u00e1rio eletr\u00f4nico <a href=\"https:\/\/docs.google.com\/forms\/d\/1C8IlrYIyr1CI_n0FTUGAS__39I3V2e7B91VksjOQ4EU\/viewform\" target=\"_blank\" rel=\"noopener\">aqui<\/a>.<\/span><\/p>\n<p>&nbsp;<\/p>\n<p><img loading=\"lazy\" class=\"alignleft wp-image-18655\" src=\"http:\/\/www.bauru.usp.br\/wp-content\/uploads\/Convite-Plano-Diretor-2-1024x878.jpg\" alt=\"\" width=\"600\" height=\"514\" srcset=\"https:\/\/www.bauru.usp.br\/wp-content\/uploads\/Convite-Plano-Diretor-2-1024x878.jpg 1024w, https:\/\/www.bauru.usp.br\/wp-content\/uploads\/Convite-Plano-Diretor-2-300x257.jpg 300w, https:\/\/www.bauru.usp.br\/wp-content\/uploads\/Convite-Plano-Diretor-2-768x658.jpg 768w, https:\/\/www.bauru.usp.br\/wp-content\/uploads\/Convite-Plano-Diretor-2-1536x1317.jpg 1536w, https:\/\/www.bauru.usp.br\/wp-content\/uploads\/Convite-Plano-Diretor-2-2048x1756.jpg 2048w\" sizes=\"(max-width: 600px) 100vw, 600px\" \/><\/p>\n<p>&nbsp;<\/p>\n","protected":false},"excerpt":{"rendered":"<p>&nbsp;<br \/>\nPara conhecer o DOCUMENTO COMPLETO, acesse este link.<br \/>\nPara participar da AUDI\u00caNCIA P\u00daBLICA de forma online no dia 24\/11\/2025, clique aqui.<br \/>\nPara enviar SUGEST\u00d5ES, acesse e preencha o formul\u00e1rio eletr\u00f4nico aqui.<br \/>\n&nbsp;<\/p>\n<p>&nbsp;<\/p>\n","protected":false},"author":4,"featured_media":0,"parent":15,"menu_order":0,"comment_status":"closed","ping_status":"closed","template":"","meta":{"_links_to":"","_links_to_target":""},"_links":{"self":[{"href":"https:\/\/www.bauru.usp.br\/index.php?rest_route=\/wp\/v2\/pages\/18601"}],"collection":[{"href":"https:\/\/www.bauru.usp.br\/index.php?rest_route=\/wp\/v2\/pages"}],"about":[{"href":"https:\/\/www.bauru.usp.br\/index.php?rest_route=\/wp\/v2\/types\/page"}],"author":[{"embeddable":true,"href":"https:\/\/www.bauru.usp.br\/index.php?rest_route=\/wp\/v2\/users\/4"}],"replies":[{"embeddable":true,"href":"https:\/\/www.bauru.usp.br\/index.php?rest_route=%2Fwp%2Fv2%2Fcomments&post=18601"}],"version-history":[{"count":28,"href":"https:\/\/www.bauru.usp.br\/index.php?rest_route=\/wp\/v2\/pages\/18601\/revisions"}],"predecessor-version":[{"id":18693,"href":"https:\/\/www.bauru.usp.br\/index.php?rest_route=\/wp\/v2\/pages\/18601\/revisions\/18693"}],"up":[{"embeddable":true,"href":"https:\/\/www.bauru.usp.br\/index.php?rest_route=\/wp\/v2\/pages\/15"}],"wp:attachment":[{"href":"https:\/\/www.bauru.usp.br\/index.php?rest_route=%2Fwp%2Fv2%2Fmedia&parent=18601"}],"curies":[{"name":"wp","href":"https:\/\/api.w.org\/{rel}","templated":true}]}}