{"id":19,"date":"2009-10-21T15:59:35","date_gmt":"2009-10-21T17:59:35","guid":{"rendered":"http:\/\/www.bauru.usp.br\/?page_id=19"},"modified":"2019-05-21T12:22:34","modified_gmt":"2019-05-21T15:22:34","slug":"biblioteca","status":"publish","type":"page","link":"https:\/\/www.bauru.usp.br\/?page_id=19","title":{"rendered":"Biblioteca"},"content":{"rendered":"<p>Na \u00e1rea de Biblioteca, o campus USP de Bauru conta com dois servi\u00e7os altamente especializados:<\/p>\n<ul>\n<li>Servi\u00e7o de Biblioteca e Documenta\u00e7\u00e3o Prof. Dr. Ant\u00f4nio Gabriel Atta da FOB\/USP<\/li>\n<li>Se\u00e7\u00e3o de Documenta\u00e7\u00e3o e Informa\u00e7\u00e3o do Servi\u00e7o de Apoio ao Ensino, Pesquisa e Extens\u00e3o do HRAC-USP<\/li>\n<\/ul>\n<p>Ambos os acervos s\u00e3o geridos pelo Sistema Integrado de Bibliotecas (SIBi), que tamb\u00e9m \u00e9 respons\u00e1vel pelo cat\u00e1logo online das bibliotecas da USP (Dedalus).<\/p>\n<p>O Servi\u00e7o de Biblioteca e Documenta\u00e7\u00e3o Prof. Dr. Ant\u00f4nio Gabriel Atta da FOB\/USP oferece infraestrutura e servi\u00e7os de apoio ao ensino, pesquisa e extens\u00e3o, direcionados aos docentes, pesquisadores, alunos, funcion\u00e1rios do Campus USP Bauru.<\/p>\n<p>Seu acervo abrange especialmente as \u00e1reas de Odontologia, Fonoaudiologia, Ci\u00eancias B\u00e1sicas e da Sa\u00fade, reunindo livros, peri\u00f3dicos nacionais e internacionais e demais materiais (impressos e de acesso eletr\u00f4nico). Conta com acesso \u00e0s principais bases de dados em diversas \u00e1reas do conhecimento. Dentre seus servi\u00e7os, oferece acesso a documentos n\u00e3o dispon\u00edveis localmente, a partir do empr\u00e9stimo-entre-bibliotecas e o servi\u00e7o de comuta\u00e7\u00e3o.<\/p>\n<p>Para permitir melhor uso dos recursos dispon\u00edveis, promove cursos, treinamentos e palestras sobre buscas bibliogr\u00e1ficas, pesquisa e normaliza\u00e7\u00e3o de documenta\u00e7\u00e3o cient\u00edfica.<\/p>\n<p>A Se\u00e7\u00e3o de Documenta\u00e7\u00e3o e Informa\u00e7\u00e3o do Centrinho-USP mant\u00e9m, desde o fim de d\u00e9cada de 1970 um acervo especializado em anomalias craniofaciais. S\u00e3o mais de 4.500 t\u00edtulos. O material \u00e9\u00a0alocado numa \u00e1rea de 466m2, em ambiente climatizado, no \u00e2mbito do Hospital. O p\u00fablico atendido \u00e9\u00a0formado por equipes de reabilita\u00e7\u00e3o do campus de Bauru e de outras institui\u00e7\u00f5es, docentes, discentes, bolsistas estagi\u00e1rios e funcion\u00e1rios, al\u00e9m de pacientes e pesquisadores de todo o Brasil.<\/p>\n<p>As demandas contemplam pedidos de refer\u00eancia e informa\u00e7\u00e3o sobre anomalias craniofaciais, busca de apoio a publica\u00e7\u00f5es cient\u00edficas e a projetos de pesquisa, celebra\u00e7\u00e3o e cadastramento de conv\u00eanios, al\u00e9m da organiza\u00e7\u00e3o e controle de um acervo audiovisual e documenta\u00e7\u00e3o cient\u00edfica dos pacientes.<\/p>\n<p>As atividades fazem parte do Servi\u00e7o de Apoio ao Ensino, Pesquisa e Extens\u00e3o do Centrinho-USP e as equipes se dividem em duas se\u00e7\u00f5es: Se\u00e7\u00e3o de Documenta\u00e7\u00e3o e Informa\u00e7\u00e3o e Se\u00e7\u00e3o de Apoio \u00e0 Pesquisa.<\/p>\n<p><strong>Saiba mais:<\/strong><\/p>\n<ul>\n<li><a href=\"http:\/\/www1.fob.usp.br\/fob\/biblioteca\/\" target=\"_blank\" rel=\"noopener noreferrer\">Servi\u00e7o de Biblioteca e Documenta\u00e7\u00e3o Prof. Dr. Ant\u00f4nio Gabriel Atta da FOB\/USP<\/a><\/li>\n<li><a href=\"http:\/\/hrac.usp.br\/institucional\/estrutura\/servico-de-apoio-ao-ensino-pesquisa-e-extensao\/\" target=\"_blank\" rel=\"noopener noreferrer\">Se\u00e7\u00e3o de Documenta\u00e7\u00e3o e Informa\u00e7\u00e3o do Servi\u00e7o de Apoio ao Ensino, Pesquisa e Extens\u00e3o do HRAC-USP<\/a><\/li>\n<\/ul>\n","protected":false},"excerpt":{"rendered":"<p>Na \u00e1rea de Biblioteca, o campus USP de Bauru conta com dois servi\u00e7os altamente especializados:<\/p>\n<p>Servi\u00e7o de Biblioteca e Documenta\u00e7\u00e3o Prof. Dr. Ant\u00f4nio Gabriel Atta da FOB\/USP<br \/>\nSe\u00e7\u00e3o de Documenta\u00e7\u00e3o e Informa\u00e7\u00e3o do Servi\u00e7o de Apoio ao Ensino, Pesquisa e Extens\u00e3o do HRAC-USP<\/p>\n<p>Ambos os acervos s\u00e3o geridos pelo Sistema Integrado de Bibliotecas (SIBi), que tamb\u00e9m \u00e9 respons\u00e1vel [&#8230;]<\/p>\n","protected":false},"author":1,"featured_media":0,"parent":15,"menu_order":0,"comment_status":"open","ping_status":"open","template":"","meta":{"_links_to":"","_links_to_target":""},"_links":{"self":[{"href":"https:\/\/www.bauru.usp.br\/index.php?rest_route=\/wp\/v2\/pages\/19"}],"collection":[{"href":"https:\/\/www.bauru.usp.br\/index.php?rest_route=\/wp\/v2\/pages"}],"about":[{"href":"https:\/\/www.bauru.usp.br\/index.php?rest_route=\/wp\/v2\/types\/page"}],"author":[{"embeddable":true,"href":"https:\/\/www.bauru.usp.br\/index.php?rest_route=\/wp\/v2\/users\/1"}],"replies":[{"embeddable":true,"href":"https:\/\/www.bauru.usp.br\/index.php?rest_route=%2Fwp%2Fv2%2Fcomments&post=19"}],"version-history":[{"count":12,"href":"https:\/\/www.bauru.usp.br\/index.php?rest_route=\/wp\/v2\/pages\/19\/revisions"}],"predecessor-version":[{"id":7822,"href":"https:\/\/www.bauru.usp.br\/index.php?rest_route=\/wp\/v2\/pages\/19\/revisions\/7822"}],"up":[{"embeddable":true,"href":"https:\/\/www.bauru.usp.br\/index.php?rest_route=\/wp\/v2\/pages\/15"}],"wp:attachment":[{"href":"https:\/\/www.bauru.usp.br\/index.php?rest_route=%2Fwp%2Fv2%2Fmedia&parent=19"}],"curies":[{"name":"wp","href":"https:\/\/api.w.org\/{rel}","templated":true}]}}