{"id":22,"date":"2009-10-21T16:00:15","date_gmt":"2009-10-21T18:00:15","guid":{"rendered":"http:\/\/www.bauru.usp.br\/?page_id=22"},"modified":"2012-03-02T12:57:10","modified_gmt":"2012-03-02T15:57:10","slug":"transporte","status":"publish","type":"page","link":"https:\/\/www.bauru.usp.br\/?page_id=22","title":{"rendered":"Transporte"},"content":{"rendered":"<p>FOB, HRAC e PCAB\/USP contam com servi\u00e7os de transportes. Os setores prestam servi\u00e7os \u00e0 administra\u00e7\u00e3o, departamentos e setores diversos do campus, transportando docentes, servidores t\u00e9cnico-administrativos, alunos e p\u00fablico usu\u00e1rio, quando o caso. Colabora na entrega de documentos oficiais, equipamentos e materiais de pesquisas. Realiza viagens com os servidores que representam as unidades em outras institui\u00e7\u00f5es, eventos cient\u00edficos ou campi da USP. Os motoristas s\u00e3o respons\u00e1veis pela conserva\u00e7\u00e3o e manuten\u00e7\u00e3o da frota da Unidade.<\/p>\n<p>Como parte do Programa de Inclus\u00e3o Social da Universidade de S\u00e3o Paulo voltado para a facilita\u00e7\u00e3o da vida acad\u00eamica do estudante, coordenado pela COSEAS \u2013 Coordenadoria de Assist\u00eancia Social da Universidade de S\u00e3o Paulo, o aluno que faz jus ao apoio socioecon\u00f4mico tem direito a aux\u00edlio financeiro para apoiar o deslocamento do aluno de casa (onde mora para estudar) para a Universidade.<\/p>\n","protected":false},"excerpt":{"rendered":"<p>FOB, HRAC e PCAB\/USP contam com servi\u00e7os de transportes. Os setores prestam servi\u00e7os \u00e0 administra\u00e7\u00e3o, departamentos e setores diversos do campus, transportando docentes, servidores t\u00e9cnico-administrativos, alunos e p\u00fablico usu\u00e1rio, quando o caso. Colabora na entrega de documentos oficiais, equipamentos e materiais de pesquisas. Realiza viagens com os servidores que representam as unidades em outras institui\u00e7\u00f5es, [&#8230;]<\/p>\n","protected":false},"author":1,"featured_media":0,"parent":15,"menu_order":0,"comment_status":"open","ping_status":"open","template":"","meta":{"_links_to":"","_links_to_target":""},"_links":{"self":[{"href":"https:\/\/www.bauru.usp.br\/index.php?rest_route=\/wp\/v2\/pages\/22"}],"collection":[{"href":"https:\/\/www.bauru.usp.br\/index.php?rest_route=\/wp\/v2\/pages"}],"about":[{"href":"https:\/\/www.bauru.usp.br\/index.php?rest_route=\/wp\/v2\/types\/page"}],"author":[{"embeddable":true,"href":"https:\/\/www.bauru.usp.br\/index.php?rest_route=\/wp\/v2\/users\/1"}],"replies":[{"embeddable":true,"href":"https:\/\/www.bauru.usp.br\/index.php?rest_route=%2Fwp%2Fv2%2Fcomments&post=22"}],"version-history":[{"count":6,"href":"https:\/\/www.bauru.usp.br\/index.php?rest_route=\/wp\/v2\/pages\/22\/revisions"}],"predecessor-version":[{"id":2689,"href":"https:\/\/www.bauru.usp.br\/index.php?rest_route=\/wp\/v2\/pages\/22\/revisions\/2689"}],"up":[{"embeddable":true,"href":"https:\/\/www.bauru.usp.br\/index.php?rest_route=\/wp\/v2\/pages\/15"}],"wp:attachment":[{"href":"https:\/\/www.bauru.usp.br\/index.php?rest_route=%2Fwp%2Fv2%2Fmedia&parent=22"}],"curies":[{"name":"wp","href":"https:\/\/api.w.org\/{rel}","templated":true}]}}